{"id":73,"date":"2024-02-02T21:07:32","date_gmt":"2024-02-02T21:07:32","guid":{"rendered":"https:\/\/dtftrace.com\/?page_id=73"},"modified":"2024-02-16T22:17:05","modified_gmt":"2024-02-16T22:17:05","slug":"servicios","status":"publish","type":"page","link":"https:\/\/dtftrace.com\/index.php\/servicios\/","title":{"rendered":"Servicios"},"content":{"rendered":"\t\t<div data-elementor-type=\"wp-page\" data-elementor-id=\"73\" class=\"elementor elementor-73\" data-elementor-post-type=\"page\">\n\t\t\t\t<div class=\"elementor-element elementor-element-0da7d22 e-flex e-con-boxed e-con e-parent\" data-id=\"0da7d22\" data-element_type=\"container\">\n\t\t\t\t\t<div class=\"e-con-inner\">\n\t\t\t\t<div class=\"elementor-element elementor-element-b7e8dc9 elementor-widget elementor-widget-spacer\" data-id=\"b7e8dc9\" data-element_type=\"widget\" data-widget_type=\"spacer.default\">\n\t\t\t\t<div class=\"elementor-widget-container\">\n\t\t\t\t\t<div class=\"elementor-spacer\">\n\t\t\t<div class=\"elementor-spacer-inner\"><\/div>\n\t\t<\/div>\n\t\t\t\t<\/div>\n\t\t\t\t<\/div>\n\t\t\t\t\t<\/div>\n\t\t\t\t<\/div>\n\t\t<div class=\"elementor-element elementor-element-624066a e-flex e-con-boxed e-con e-parent\" data-id=\"624066a\" data-element_type=\"container\">\n\t\t\t\t\t<div class=\"e-con-inner\">\n\t\t\t\t<div class=\"elementor-element elementor-element-acd4182 elementor-widget elementor-widget-spacer\" data-id=\"acd4182\" data-element_type=\"widget\" data-widget_type=\"spacer.default\">\n\t\t\t\t<div class=\"elementor-widget-container\">\n\t\t\t\t\t<div class=\"elementor-spacer\">\n\t\t\t<div class=\"elementor-spacer-inner\"><\/div>\n\t\t<\/div>\n\t\t\t\t<\/div>\n\t\t\t\t<\/div>\n\t\t\t\t\t<\/div>\n\t\t\t\t<\/div>\n\t\t<div class=\"elementor-element elementor-element-983d9a1 e-flex e-con-boxed e-con e-parent\" data-id=\"983d9a1\" data-element_type=\"container\">\n\t\t\t\t\t<div class=\"e-con-inner\">\n\t\t<div class=\"elementor-element elementor-element-4bb0bdc e-con-full e-flex e-con e-child\" data-id=\"4bb0bdc\" data-element_type=\"container\">\n\t\t\t\t<div class=\"elementor-element elementor-element-347d43d elementor-widget elementor-widget-heading\" data-id=\"347d43d\" data-element_type=\"widget\" data-widget_type=\"heading.default\">\n\t\t\t\t<div class=\"elementor-widget-container\">\n\t\t\t<h2 class=\"elementor-heading-title elementor-size-default\">Impresi\u00f3n de playeras a todo color<\/h2>\t\t<\/div>\n\t\t\t\t<\/div>\n\t\t\t\t<div class=\"elementor-element elementor-element-88fdd59 elementor-widget elementor-widget-text-editor\" data-id=\"88fdd59\" data-element_type=\"widget\" data-widget_type=\"text-editor.default\">\n\t\t\t\t<div class=\"elementor-widget-container\">\n\t\t\t\t\t\t\t<ul><li>Impresi\u00f3n de playeras<\/li><li>Impresi\u00f3n de sudaderas<\/li><li>Impresi\u00f3n de gorras<\/li><li>Impresi\u00f3n en textiles<\/li><li>Impresi\u00f3n en serigraf\u00eda<\/li><li>Impresi\u00f3n DTF<\/li><\/ul>\t\t\t\t\t\t<\/div>\n\t\t\t\t<\/div>\n\t\t\t\t<\/div>\n\t\t<div class=\"elementor-element elementor-element-2af97ff e-con-full e-flex e-con e-child\" data-id=\"2af97ff\" data-element_type=\"container\">\n\t\t\t\t<div class=\"elementor-element elementor-element-78d8425 elementor-widget elementor-widget-image\" data-id=\"78d8425\" data-element_type=\"widget\" data-widget_type=\"image.default\">\n\t\t\t\t<div class=\"elementor-widget-container\">\n\t\t\t\t\t\t\t\t\t\t\t\t\t<img fetchpriority=\"high\" decoding=\"async\" width=\"819\" height=\"1024\" src=\"https:\/\/dtftrace.com\/wp-content\/uploads\/2024\/02\/trace-dtf-impresion-playeras-hermosillo-819x1024.jpg\" class=\"attachment-large size-large wp-image-474\" alt=\"\" srcset=\"https:\/\/dtftrace.com\/wp-content\/uploads\/2024\/02\/trace-dtf-impresion-playeras-hermosillo-819x1024.jpg 819w, https:\/\/dtftrace.com\/wp-content\/uploads\/2024\/02\/trace-dtf-impresion-playeras-hermosillo-240x300.jpg 240w, https:\/\/dtftrace.com\/wp-content\/uploads\/2024\/02\/trace-dtf-impresion-playeras-hermosillo-768x960.jpg 768w, https:\/\/dtftrace.com\/wp-content\/uploads\/2024\/02\/trace-dtf-impresion-playeras-hermosillo-1229x1536.jpg 1229w, https:\/\/dtftrace.com\/wp-content\/uploads\/2024\/02\/trace-dtf-impresion-playeras-hermosillo.jpg 1600w\" sizes=\"(max-width: 819px) 100vw, 819px\" \/>\t\t\t\t\t\t\t\t\t\t\t\t\t<\/div>\n\t\t\t\t<\/div>\n\t\t\t\t<\/div>\n\t\t\t\t\t<\/div>\n\t\t\t\t<\/div>\n\t\t\t\t<\/div>\n\t\t","protected":false},"excerpt":{"rendered":"<p>Impresi\u00f3n de playeras a todo color Impresi\u00f3n de playeras Impresi\u00f3n de sudaderas Impresi\u00f3n de gorras Impresi\u00f3n en textiles Impresi\u00f3n en [&hellip;]<\/p>\n","protected":false},"author":1,"featured_media":0,"parent":0,"menu_order":0,"comment_status":"closed","ping_status":"closed","template":"","meta":{"site-sidebar-layout":"no-sidebar","site-content-layout":"","ast-site-content-layout":"full-width-container","site-content-style":"default","site-sidebar-style":"default","ast-global-header-display":"","ast-banner-title-visibility":"","ast-main-header-display":"","ast-hfb-above-header-display":"","ast-hfb-below-header-display":"","ast-hfb-mobile-header-display":"","site-post-title":"disabled","ast-breadcrumbs-content":"","ast-featured-img":"disabled","footer-sml-layout":"","theme-transparent-header-meta":"","adv-header-id-meta":"","stick-header-meta":"","header-above-stick-meta":"","header-main-stick-meta":"","header-below-stick-meta":"","astra-migrate-meta-layouts":"default","ast-page-background-enabled":"default","ast-page-background-meta":{"desktop":{"background-color":"var(--ast-global-color-4)","background-image":"","background-repeat":"repeat","background-position":"center center","background-size":"auto","background-attachment":"scroll","background-type":"","background-media":"","overlay-type":"","overlay-color":"","overlay-opacity":"","overlay-gradient":""},"tablet":{"background-color":"","background-image":"","background-repeat":"repeat","background-position":"center center","background-size":"auto","background-attachment":"scroll","background-type":"","background-media":"","overlay-type":"","overlay-color":"","overlay-opacity":"","overlay-gradient":""},"mobile":{"background-color":"","background-image":"","background-repeat":"repeat","background-position":"center center","background-size":"auto","background-attachment":"scroll","background-type":"","background-media":"","overlay-type":"","overlay-color":"","overlay-opacity":"","overlay-gradient":""}},"ast-content-background-meta":{"desktop":{"background-color":"var(--ast-global-color-5)","background-image":"","background-repeat":"repeat","background-position":"center center","background-size":"auto","background-attachment":"scroll","background-type":"","background-media":"","overlay-type":"","overlay-color":"","overlay-opacity":"","overlay-gradient":""},"tablet":{"background-color":"var(--ast-global-color-5)","background-image":"","background-repeat":"repeat","background-position":"center center","background-size":"auto","background-attachment":"scroll","background-type":"","background-media":"","overlay-type":"","overlay-color":"","overlay-opacity":"","overlay-gradient":""},"mobile":{"background-color":"var(--ast-global-color-5)","background-image":"","background-repeat":"repeat","background-position":"center center","background-size":"auto","background-attachment":"scroll","background-type":"","background-media":"","overlay-type":"","overlay-color":"","overlay-opacity":"","overlay-gradient":""}},"footnotes":""},"class_list":["post-73","page","type-page","status-publish","hentry"],"_links":{"self":[{"href":"https:\/\/dtftrace.com\/index.php\/wp-json\/wp\/v2\/pages\/73","targetHints":{"allow":["GET"]}}],"collection":[{"href":"https:\/\/dtftrace.com\/index.php\/wp-json\/wp\/v2\/pages"}],"about":[{"href":"https:\/\/dtftrace.com\/index.php\/wp-json\/wp\/v2\/types\/page"}],"author":[{"embeddable":true,"href":"https:\/\/dtftrace.com\/index.php\/wp-json\/wp\/v2\/users\/1"}],"replies":[{"embeddable":true,"href":"https:\/\/dtftrace.com\/index.php\/wp-json\/wp\/v2\/comments?post=73"}],"version-history":[{"count":31,"href":"https:\/\/dtftrace.com\/index.php\/wp-json\/wp\/v2\/pages\/73\/revisions"}],"predecessor-version":[{"id":483,"href":"https:\/\/dtftrace.com\/index.php\/wp-json\/wp\/v2\/pages\/73\/revisions\/483"}],"wp:attachment":[{"href":"https:\/\/dtftrace.com\/index.php\/wp-json\/wp\/v2\/media?parent=73"}],"curies":[{"name":"wp","href":"https:\/\/api.w.org\/{rel}","templated":true}]}}